{"id":1088,"date":"2020-11-05T15:59:27","date_gmt":"2020-11-05T20:59:27","guid":{"rendered":"https:\/\/springfield.edu.co\/site\/?page_id=1088"},"modified":"2020-11-05T16:26:59","modified_gmt":"2020-11-05T21:26:59","slug":"frances-virtual-o-presencial","status":"publish","type":"page","link":"https:\/\/springfield.edu.co\/site\/frances-virtual-o-presencial\/","title":{"rendered":"FRANC\u00c9S VIRTUAL O PRESENCIAL"},"content":{"rendered":"\t\t<div data-elementor-type=\"wp-post\" data-elementor-id=\"1088\" class=\"elementor elementor-1088\">\n\t\t\t\t\t\t\t\t\t<section class=\"elementor-section elementor-top-section elementor-element elementor-element-77aac001 elementor-section-full_width elementor-section-height-default elementor-section-height-default\" data-id=\"77aac001\" data-element_type=\"section\">\n\t\t\t\t\t\t<div class=\"elementor-container elementor-column-gap-no\">\n\t\t\t\t\t<div class=\"elementor-column elementor-col-100 elementor-top-column elementor-element elementor-element-78602455\" data-id=\"78602455\" data-element_type=\"column\">\n\t\t\t<div class=\"elementor-widget-wrap elementor-element-populated\">\n\t\t\t\t\t\t\t\t<div class=\"elementor-element elementor-element-56844589 elementor-align-left elementor-widget elementor-widget-bdevs-pricing\" data-id=\"56844589\" data-element_type=\"widget\" data-widget_type=\"bdevs-pricing.default\">\n\t\t\t\t<div class=\"elementor-widget-container\">\n\t\t\t\r\n\t\t<section class=\"price-section pdt-125 pdb-100\">\r\n\t\t \t<div class=\"container\">\r\n\t\t \t\t<div class=\"row\">\r\n\t\t \t\t\t\t\t \t\t\t\t<div class=\"col-lg-4 col-md-6 col-sm-12\">\r\n\t\t \t\t\t\t\t<div class=\"price-table mrb-30 text-center active\">\r\n\t\t \t\t\t\t\t\t<div class=\"table-header\">\r\n\t\t \t\t\t\t\t\t\t\t\t \t\t\t\t\t\t\t\t<h3 class=\"price\"><span class=\"price-currency\">$1.4400.000\/ 1er Nivel <\/span> \n<\/h3>\r\n\t\t \t\t\t\t\t\t\t\t\r\n\t\t \t\t\t\t\t\t\t\t\t \t\t\t\t\t\t\t\t<h2 class=\"pricing-plan-name\">FRANC\u00c9S A1<\/h2>\r\n\t\t \t\t\t\t\t\t\t\t\r\n\t\t \t\t\t\t\t\t<\/div>\r\n\t\t \t\t\t\t\t\t<div class=\"table-content\">\r\n\t\t \t\t\t\t\t\t\t<ul class=\"list-items\">\r\n\t\t \t\t\t\t\t\t\t\t\t\t \t\t\t\t\t\t\t\t\t<li><i class=\"fa fa-check mrr-10 text-green mrr-10\"><\/i>Metodolog\u00eda Natural learning approach<\/li>\r\n\t\t \t\t\t\t\t\t\t\t\t\r\n\t\t \t\t\t\t\t\t\t\t\t\t \t\t\t\t\t\t\t\t\t<li><i class=\"fa fa-check mrr-10 text-green mrr-10\"><\/i>Profesores con perfil profesional dedicados a la ense\u00f1anza<\/li>\r\n\t\t \t\t\t\t\t\t\t\t\t\r\n\t\t \t\t\t\t\t\t\t\t\t\t \t\t\t\t\t\t\t\t\t<li><i class=\"fa fa-check mrr-10 text-green mrr-10\"><\/i>Cada nivel cursado y aprobado ser\u00e1 certificado<\/li>\r\n\t\t \t\t\t\t\t\t\t\t\t\r\n\t\t \t\t\t\t\t\t\t\t\t\t \t\t\t\t\t\t\t\t\t<li><i class=\"fa fa-check mrr-10 text-green mrr-10\"><\/i>Vivencial, interactivo y pr\u00e1ctico<\/li>\r\n\t\t \t\t\t\t\t\t\t\t\t\r\n\t\t \t\t\t\t\t\t\t\t\t\r\n\t\t \t\t\t\t\t\t\t<\/ul>\r\n\t\t \t\t\t\t\t\t<\/div>\r\n\t\t \t\t\t\t\t\t<div class=\"table-footer\">\r\n\t\t \t\t\t\t\t\t\t\t\t \t\t\t\t\t\t\t\t<a href=\"https:\/\/payco.link\/692211\" class=\"cs-btn-one btn-primary-color\">PAGAR AHORA<\/a>\r\n\t\t \t\t\t\t\t\t\t\t\r\n\t\t \t\t\t\t\t\t<\/div>\r\n\t\t \t\t\t\t\t<\/div>\r\n\t\t \t\t\t\t<\/div>\r\n\t\t \t\t\t\t\t \t\t\t\t<div class=\"col-lg-4 col-md-6 col-sm-12\">\r\n\t\t \t\t\t\t\t<div class=\"price-table mrb-30 text-center active\">\r\n\t\t \t\t\t\t\t\t<div class=\"table-header\">\r\n\t\t \t\t\t\t\t\t\t\t\t \t\t\t\t\t\t\t\t<h3 class=\"price\"><span class=\"price-currency\">$1.760.000\/ 2do Nivel <\/span> \n<\/h3>\r\n\t\t \t\t\t\t\t\t\t\t\r\n\t\t \t\t\t\t\t\t\t\t\t \t\t\t\t\t\t\t\t<h2 class=\"pricing-plan-name\">FRANC\u00c9S A2<\/h2>\r\n\t\t \t\t\t\t\t\t\t\t\r\n\t\t \t\t\t\t\t\t<\/div>\r\n\t\t \t\t\t\t\t\t<div class=\"table-content\">\r\n\t\t \t\t\t\t\t\t\t<ul class=\"list-items\">\r\n\t\t \t\t\t\t\t\t\t\t\t\t \t\t\t\t\t\t\t\t\t<li><i class=\"fa fa-check mrr-10 text-green mrr-10\"><\/i>Metodolog\u00eda Natural learning approach<\/li>\r\n\t\t \t\t\t\t\t\t\t\t\t\r\n\t\t \t\t\t\t\t\t\t\t\t\t \t\t\t\t\t\t\t\t\t<li><i class=\"fa fa-check mrr-10 text-green mrr-10\"><\/i>Profesores con perfil profesional dedicados a la ense\u00f1anza<\/li>\r\n\t\t \t\t\t\t\t\t\t\t\t\r\n\t\t \t\t\t\t\t\t\t\t\t\t \t\t\t\t\t\t\t\t\t<li><i class=\"fa fa-check mrr-10 text-green mrr-10\"><\/i>Cada nivel cursado y aprobado ser\u00e1 certificado<\/li>\r\n\t\t \t\t\t\t\t\t\t\t\t\r\n\t\t \t\t\t\t\t\t\t\t\t\t \t\t\t\t\t\t\t\t\t<li><i class=\"fa fa-check mrr-10 text-green mrr-10\"><\/i>Vivencial, interactivo y pr\u00e1ctico<\/li>\r\n\t\t \t\t\t\t\t\t\t\t\t\r\n\t\t \t\t\t\t\t\t\t\t\t\r\n\t\t \t\t\t\t\t\t\t<\/ul>\r\n\t\t \t\t\t\t\t\t<\/div>\r\n\t\t \t\t\t\t\t\t<div class=\"table-footer\">\r\n\t\t \t\t\t\t\t\t\t\t\t \t\t\t\t\t\t\t\t<a href=\"https:\/\/payco.link\/692216\" class=\"cs-btn-one btn-primary-color\">PAGAR AHORA<\/a>\r\n\t\t \t\t\t\t\t\t\t\t\r\n\t\t \t\t\t\t\t\t<\/div>\r\n\t\t \t\t\t\t\t<\/div>\r\n\t\t \t\t\t\t<\/div>\r\n\t\t \t\t\t\t\t \t\t\t\t<div class=\"col-lg-4 col-md-6 col-sm-12\">\r\n\t\t \t\t\t\t\t<div class=\"price-table mrb-30 text-center active\">\r\n\t\t \t\t\t\t\t\t<div class=\"table-header\">\r\n\t\t \t\t\t\t\t\t\t\t\t \t\t\t\t\t\t\t\t<h3 class=\"price\"><span class=\"price-currency\">$2.880.000\/ 3er Nivel <\/span><\/h3>\r\n\t\t \t\t\t\t\t\t\t\t\r\n\t\t \t\t\t\t\t\t\t\t\t \t\t\t\t\t\t\t\t<h2 class=\"pricing-plan-name\">FRANC\u00c9S B1<\/h2>\r\n\t\t \t\t\t\t\t\t\t\t\r\n\t\t \t\t\t\t\t\t<\/div>\r\n\t\t \t\t\t\t\t\t<div class=\"table-content\">\r\n\t\t \t\t\t\t\t\t\t<ul class=\"list-items\">\r\n\t\t \t\t\t\t\t\t\t\t\t\t \t\t\t\t\t\t\t\t\t<li><i class=\"fa fa-check mrr-10 text-green mrr-10\"><\/i>Metodolog\u00eda Natural learning approach<\/li>\r\n\t\t \t\t\t\t\t\t\t\t\t\r\n\t\t \t\t\t\t\t\t\t\t\t\t \t\t\t\t\t\t\t\t\t<li><i class=\"fa fa-check mrr-10 text-green mrr-10\"><\/i>Profesores con perfil profesional dedicados a la ense\u00f1anza<\/li>\r\n\t\t \t\t\t\t\t\t\t\t\t\r\n\t\t \t\t\t\t\t\t\t\t\t\t \t\t\t\t\t\t\t\t\t<li><i class=\"fa fa-check mrr-10 text-green mrr-10\"><\/i>Cada nivel cursado y aprobado ser\u00e1 certificado<\/li>\r\n\t\t \t\t\t\t\t\t\t\t\t\r\n\t\t \t\t\t\t\t\t\t\t\t\t \t\t\t\t\t\t\t\t\t<li><i class=\"fa fa-check mrr-10 text-green mrr-10\"><\/i>Profesores nativos con experiencia en la ense\u00f1anza<\/li>\r\n\t\t \t\t\t\t\t\t\t\t\t\r\n\t\t \t\t\t\t\t\t\t\t\t\r\n\t\t \t\t\t\t\t\t\t<\/ul>\r\n\t\t \t\t\t\t\t\t<\/div>\r\n\t\t \t\t\t\t\t\t<div class=\"table-footer\">\r\n\t\t \t\t\t\t\t\t\t\t\t \t\t\t\t\t\t\t\t<a href=\"https:\/\/payco.link\/692224\" class=\"cs-btn-one btn-primary-color\">PAGAR AHORA<\/a>\r\n\t\t \t\t\t\t\t\t\t\t\r\n\t\t \t\t\t\t\t\t<\/div>\r\n\t\t \t\t\t\t\t<\/div>\r\n\t\t \t\t\t\t<\/div>\r\n\t\t \t\t\t\t\t \t\t\t\t<div class=\"col-lg-4 col-md-6 col-sm-12\">\r\n\t\t \t\t\t\t\t<div class=\"price-table mrb-30 text-center active\">\r\n\t\t \t\t\t\t\t\t<div class=\"table-header\">\r\n\t\t \t\t\t\t\t\t\t\t\t \t\t\t\t\t\t\t\t<h3 class=\"price\"><span class=\"price-currency\">$3.200.000\/ 4to Nivel <\/span><\/h3>\r\n\t\t \t\t\t\t\t\t\t\t\r\n\t\t \t\t\t\t\t\t\t\t\t \t\t\t\t\t\t\t\t<h2 class=\"pricing-plan-name\">FRANC\u00c9S B2<\/h2>\r\n\t\t \t\t\t\t\t\t\t\t\r\n\t\t \t\t\t\t\t\t<\/div>\r\n\t\t \t\t\t\t\t\t<div class=\"table-content\">\r\n\t\t \t\t\t\t\t\t\t<ul class=\"list-items\">\r\n\t\t \t\t\t\t\t\t\t\t\t\t \t\t\t\t\t\t\t\t\t<li><i class=\"fa fa-check mrr-10 text-green mrr-10\"><\/i>Metodolog\u00eda Natural learning approach<\/li>\r\n\t\t \t\t\t\t\t\t\t\t\t\r\n\t\t \t\t\t\t\t\t\t\t\t\t \t\t\t\t\t\t\t\t\t<li><i class=\"fa fa-check mrr-10 text-green mrr-10\"><\/i>Profesores con perfil profesional dedicados a la ense\u00f1anza<\/li>\r\n\t\t \t\t\t\t\t\t\t\t\t\r\n\t\t \t\t\t\t\t\t\t\t\t\t \t\t\t\t\t\t\t\t\t<li><i class=\"fa fa-check mrr-10 text-green mrr-10\"><\/i>Cada nivel cursado y aprobado ser\u00e1 certificado<\/li>\r\n\t\t \t\t\t\t\t\t\t\t\t\r\n\t\t \t\t\t\t\t\t\t\t\t\t \t\t\t\t\t\t\t\t\t<li><i class=\"fa fa-check mrr-10 text-green mrr-10\"><\/i>Profesores nativos con experiencia en la ense\u00f1anza<\/li>\r\n\t\t \t\t\t\t\t\t\t\t\t\r\n\t\t \t\t\t\t\t\t\t\t\t\r\n\t\t \t\t\t\t\t\t\t<\/ul>\r\n\t\t \t\t\t\t\t\t<\/div>\r\n\t\t \t\t\t\t\t\t<div class=\"table-footer\">\r\n\t\t \t\t\t\t\t\t\t\t\t \t\t\t\t\t\t\t\t<a href=\"https:\/\/payco.link\/692228\" class=\"cs-btn-one btn-primary-color\">PAGAR AHORA<\/a>\r\n\t\t \t\t\t\t\t\t\t\t\r\n\t\t \t\t\t\t\t\t<\/div>\r\n\t\t \t\t\t\t\t<\/div>\r\n\t\t \t\t\t\t<\/div>\r\n\t\t \t\t\t\t\t \t\t\t\t<div class=\"col-lg-4 col-md-6 col-sm-12\">\r\n\t\t \t\t\t\t\t<div class=\"price-table mrb-30 text-center \">\r\n\t\t \t\t\t\t\t\t<div class=\"table-header\">\r\n\t\t \t\t\t\t\t\t\t\t\t \t\t\t\t\t\t\t\t<h3 class=\"price\"><span class=\"price-currency\">$980.000\/ Por Nivel<\/span><\/h3>\r\n\t\t \t\t\t\t\t\t\t\t\r\n\t\t \t\t\t\t\t\t\t\t\t \t\t\t\t\t\t\t\t<h2 class=\"pricing-plan-name\">CONVENIOS ESPECIALES<\/h2>\r\n\t\t \t\t\t\t\t\t\t\t\r\n\t\t \t\t\t\t\t\t<\/div>\r\n\t\t \t\t\t\t\t\t<div class=\"table-content\">\r\n\t\t \t\t\t\t\t\t\t<ul class=\"list-items\">\r\n\t\t \t\t\t\t\t\t\t\t\t\t \t\t\t\t\t\t\t\t\t<li><i class=\"fa fa-check mrr-10 text-green mrr-10\"><\/i>Metodolog\u00eda Natural learning approach<\/li>\r\n\t\t \t\t\t\t\t\t\t\t\t\r\n\t\t \t\t\t\t\t\t\t\t\t\t \t\t\t\t\t\t\t\t\t<li><i class=\"fa fa-check mrr-10 text-green mrr-10\"><\/i>Profesores con perfil profesional dedicados a la ense\u00f1anza<\/li>\r\n\t\t \t\t\t\t\t\t\t\t\t\r\n\t\t \t\t\t\t\t\t\t\t\t\t \t\t\t\t\t\t\t\t\t<li><i class=\"fa fa fa-check mrr-10 text-green mrr-10\"><\/i>Cada nivel cursado y aprobado ser\u00e1 certificado<\/li>\r\n\t\t \t\t\t\t\t\t\t\t\t\r\n\t\t \t\t\t\t\t\t\t\t\t\t \t\t\t\t\t\t\t\t\t<li><i class=\"fa fa fa-check mrr-10 text-green mrr-10\"><\/i>Precio exclusivo para convenios<\/li>\r\n\t\t \t\t\t\t\t\t\t\t\t\r\n\t\t \t\t\t\t\t\t\t\t\t\r\n\t\t \t\t\t\t\t\t\t<\/ul>\r\n\t\t \t\t\t\t\t\t<\/div>\r\n\t\t \t\t\t\t\t\t<div class=\"table-footer\">\r\n\t\t \t\t\t\t\t\t\t\t\t \t\t\t\t\t\t\t\t<a href=\"https:\/\/payco.link\/692155\" class=\"cs-btn-one btn-primary-color\">PAGAR AHORA<\/a>\r\n\t\t \t\t\t\t\t\t\t\t\r\n\t\t \t\t\t\t\t\t<\/div>\r\n\t\t \t\t\t\t\t<\/div>\r\n\t\t \t\t\t\t<\/div>\r\n\t\t \t\t\t\t\t \t\t<\/div>\r\n\t\t \t<\/div>\r\n\t\t <\/section>\r\n\t\t\r\n\t\t\t<\/div>\n\t\t\t\t<\/div>\n\t\t\t\t\t<\/div>\n\t\t<\/div>\n\t\t\t\t\t\t\t<\/div>\n\t\t<\/section>\n\t\t\t\t<section class=\"elementor-section elementor-top-section elementor-element elementor-element-f9865a9 elementor-section-boxed elementor-section-height-default elementor-section-height-default\" data-id=\"f9865a9\" data-element_type=\"section\">\n\t\t\t\t\t\t<div class=\"elementor-container elementor-column-gap-default\">\n\t\t\t\t\t<div class=\"elementor-column elementor-col-100 elementor-top-column elementor-element elementor-element-e307e66\" data-id=\"e307e66\" data-element_type=\"column\">\n\t\t\t<div class=\"elementor-widget-wrap elementor-element-populated\">\n\t\t\t\t\t\t\t\t<div class=\"elementor-element elementor-element-7d3702c e-grid-align-tablet-center e-grid-align-mobile-center elementor-shape-rounded elementor-grid-0 e-grid-align-center elementor-widget elementor-widget-social-icons\" data-id=\"7d3702c\" data-element_type=\"widget\" data-widget_type=\"social-icons.default\">\n\t\t\t\t<div class=\"elementor-widget-container\">\n\t\t\t\t\t<div class=\"elementor-social-icons-wrapper elementor-grid\">\n\t\t\t\t\t\t\t<span class=\"elementor-grid-item\">\n\t\t\t\t\t<a class=\"elementor-icon elementor-social-icon elementor-social-icon-facebook-f elementor-repeater-item-8c4d2e7\" href=\"https:\/\/www.facebook.com\/springfieldlc\" target=\"_blank\">\n\t\t\t\t\t\t<span class=\"elementor-screen-only\">Facebook-f<\/span>\n\t\t\t\t\t\t<i class=\"fab fa-facebook-f\"><\/i>\t\t\t\t\t<\/a>\n\t\t\t\t<\/span>\n\t\t\t\t\t\t\t<span class=\"elementor-grid-item\">\n\t\t\t\t\t<a class=\"elementor-icon elementor-social-icon elementor-social-icon-twitter elementor-repeater-item-4e3cbb7\" href=\"https:\/\/twitter.com\/Springfield_LC\" target=\"_blank\">\n\t\t\t\t\t\t<span class=\"elementor-screen-only\">Twitter<\/span>\n\t\t\t\t\t\t<i class=\"fab fa-twitter\"><\/i>\t\t\t\t\t<\/a>\n\t\t\t\t<\/span>\n\t\t\t\t\t\t\t<span class=\"elementor-grid-item\">\n\t\t\t\t\t<a class=\"elementor-icon elementor-social-icon elementor-social-icon-youtube elementor-repeater-item-eb271b4\" href=\"https:\/\/www.youtube.com\/channel\/UCRqFozMTDDqlhXeiFhiYRsQ\" target=\"_blank\">\n\t\t\t\t\t\t<span class=\"elementor-screen-only\">Youtube<\/span>\n\t\t\t\t\t\t<i class=\"fab fa-youtube\"><\/i>\t\t\t\t\t<\/a>\n\t\t\t\t<\/span>\n\t\t\t\t\t\t\t<span class=\"elementor-grid-item\">\n\t\t\t\t\t<a class=\"elementor-icon elementor-social-icon elementor-social-icon-instagram elementor-repeater-item-004809d\" href=\"https:\/\/www.instagram.com\/springfieldlc\/\" target=\"_blank\">\n\t\t\t\t\t\t<span class=\"elementor-screen-only\">Instagram<\/span>\n\t\t\t\t\t\t<i class=\"fab fa-instagram\"><\/i>\t\t\t\t\t<\/a>\n\t\t\t\t<\/span>\n\t\t\t\t\t<\/div>\n\t\t\t\t<\/div>\n\t\t\t\t<\/div>\n\t\t\t\t\t<\/div>\n\t\t<\/div>\n\t\t\t\t\t\t\t<\/div>\n\t\t<\/section>\n\t\t\t\t\t\t\t<\/div>\n\t\t","protected":false},"excerpt":{"rendered":"<p>$1.4400.000\/ 1er Nivel FRANC\u00c9S A1 Metodolog\u00eda Natural learning approach Profesores con perfil profesional dedicados a la ense\u00f1anza Cada nivel cursado y aprobado ser\u00e1 certificado Vivencial, interactivo y pr\u00e1ctico PAGAR AHORA $1.760.000\/ 2do Nivel FRANC\u00c9S A2 Metodolog\u00eda Natural learning approach Profesores con perfil profesional dedicados a la ense\u00f1anza Cada nivel cursado y aprobado ser\u00e1 certificado Vivencial, [&hellip;]<\/p>\n","protected":false},"author":3,"featured_media":0,"parent":0,"menu_order":0,"comment_status":"closed","ping_status":"closed","template":"page-templates\/home2.php","meta":{"footnotes":""},"aioseo_notices":[],"jetpack_sharing_enabled":true,"amp_enabled":true,"_links":{"self":[{"href":"https:\/\/springfield.edu.co\/site\/wp-json\/wp\/v2\/pages\/1088"}],"collection":[{"href":"https:\/\/springfield.edu.co\/site\/wp-json\/wp\/v2\/pages"}],"about":[{"href":"https:\/\/springfield.edu.co\/site\/wp-json\/wp\/v2\/types\/page"}],"author":[{"embeddable":true,"href":"https:\/\/springfield.edu.co\/site\/wp-json\/wp\/v2\/users\/3"}],"replies":[{"embeddable":true,"href":"https:\/\/springfield.edu.co\/site\/wp-json\/wp\/v2\/comments?post=1088"}],"version-history":[{"count":24,"href":"https:\/\/springfield.edu.co\/site\/wp-json\/wp\/v2\/pages\/1088\/revisions"}],"predecessor-version":[{"id":1116,"href":"https:\/\/springfield.edu.co\/site\/wp-json\/wp\/v2\/pages\/1088\/revisions\/1116"}],"wp:attachment":[{"href":"https:\/\/springfield.edu.co\/site\/wp-json\/wp\/v2\/media?parent=1088"}],"curies":[{"name":"wp","href":"https:\/\/api.w.org\/{rel}","templated":true}]}}