{"id":1203,"date":"2020-11-10T14:36:32","date_gmt":"2020-11-10T19:36:32","guid":{"rendered":"https:\/\/springfield.edu.co\/site\/?page_id=1203"},"modified":"2020-11-10T15:05:49","modified_gmt":"2020-11-10T20:05:49","slug":"ingles-convenio","status":"publish","type":"page","link":"https:\/\/springfield.edu.co\/site\/ingles-convenio\/","title":{"rendered":"INGL\u00c9S CONVENIO"},"content":{"rendered":"\t\t<div data-elementor-type=\"wp-post\" data-elementor-id=\"1203\" class=\"elementor elementor-1203\">\n\t\t\t\t\t\t\t\t\t<section class=\"elementor-section elementor-top-section elementor-element elementor-element-5c0c91cd elementor-section-full_width elementor-section-height-default elementor-section-height-default\" data-id=\"5c0c91cd\" data-element_type=\"section\">\n\t\t\t\t\t\t<div class=\"elementor-container elementor-column-gap-no\">\n\t\t\t\t\t<div class=\"elementor-column elementor-col-100 elementor-top-column elementor-element elementor-element-6d27c127\" data-id=\"6d27c127\" data-element_type=\"column\">\n\t\t\t<div class=\"elementor-widget-wrap elementor-element-populated\">\n\t\t\t\t\t\t\t\t<div class=\"elementor-element elementor-element-2c0fbdce elementor-align-left elementor-widget elementor-widget-bdevs-pricing\" data-id=\"2c0fbdce\" data-element_type=\"widget\" data-widget_type=\"bdevs-pricing.default\">\n\t\t\t\t<div class=\"elementor-widget-container\">\n\t\t\t\r\n\t\t<section class=\"price-section pdt-125 pdb-100\">\r\n\t\t \t<div class=\"container\">\r\n\t\t \t\t<div class=\"row\">\r\n\t\t \t\t\t\t\t \t\t\t\t<div class=\"col-lg-4 col-md-6 col-sm-12\">\r\n\t\t \t\t\t\t\t<div class=\"price-table mrb-30 text-center active\">\r\n\t\t \t\t\t\t\t\t<div class=\"table-header\">\r\n\t\t \t\t\t\t\t\t\t\t\t \t\t\t\t\t\t\t\t<h3 class=\"price\"><span class=\"price-currency\">$900.000\/ 1er Nivel <\/span> \n<\/h3>\r\n\t\t \t\t\t\t\t\t\t\t\r\n\t\t \t\t\t\t\t\t\t\t\t \t\t\t\t\t\t\t\t<h2 class=\"pricing-plan-name\">A1<\/h2>\r\n\t\t \t\t\t\t\t\t\t\t\r\n\t\t \t\t\t\t\t\t<\/div>\r\n\t\t \t\t\t\t\t\t<div class=\"table-content\">\r\n\t\t \t\t\t\t\t\t\t<ul class=\"list-items\">\r\n\t\t \t\t\t\t\t\t\t\t\t\t \t\t\t\t\t\t\t\t\t<li><i class=\"fa fa-check mrr-10 text-green mrr-10\"><\/i>Metodolog\u00eda Natural learning approach<\/li>\r\n\t\t \t\t\t\t\t\t\t\t\t\r\n\t\t \t\t\t\t\t\t\t\t\t\t \t\t\t\t\t\t\t\t\t<li><i class=\"fa fa-check mrr-10 text-green mrr-10\"><\/i>Profesores con perfil profesional dedicados a la ense\u00f1anza<\/li>\r\n\t\t \t\t\t\t\t\t\t\t\t\r\n\t\t \t\t\t\t\t\t\t\t\t\t \t\t\t\t\t\t\t\t\t<li><i class=\"fa fa-check mrr-10 text-green mrr-10\"><\/i>Cada nivel cursado y aprobado ser\u00e1 certificado<\/li>\r\n\t\t \t\t\t\t\t\t\t\t\t\r\n\t\t \t\t\t\t\t\t\t\t\t\t \t\t\t\t\t\t\t\t\t<li><i class=\"fa fa-check mrr-10 text-green mrr-10\"><\/i>Vivencial, interactivo y pr\u00e1ctico<\/li>\r\n\t\t \t\t\t\t\t\t\t\t\t\r\n\t\t \t\t\t\t\t\t\t\t\t\r\n\t\t \t\t\t\t\t\t\t<\/ul>\r\n\t\t \t\t\t\t\t\t<\/div>\r\n\t\t \t\t\t\t\t\t<div class=\"table-footer\">\r\n\t\t \t\t\t\t\t\t\t\t\t \t\t\t\t\t\t\t\t<a href=\"https:\/\/payco.link\/698425\" class=\"cs-btn-one btn-primary-color\">PAGAR AHORA<\/a>\r\n\t\t \t\t\t\t\t\t\t\t\r\n\t\t \t\t\t\t\t\t<\/div>\r\n\t\t \t\t\t\t\t<\/div>\r\n\t\t \t\t\t\t<\/div>\r\n\t\t \t\t\t\t\t \t\t\t\t<div class=\"col-lg-4 col-md-6 col-sm-12\">\r\n\t\t \t\t\t\t\t<div class=\"price-table mrb-30 text-center active\">\r\n\t\t \t\t\t\t\t\t<div class=\"table-header\">\r\n\t\t \t\t\t\t\t\t\t\t\t \t\t\t\t\t\t\t\t<h3 class=\"price\"><span class=\"price-currency\">$900.000\/ 2do Nivel <\/span> \n<\/h3>\r\n\t\t \t\t\t\t\t\t\t\t\r\n\t\t \t\t\t\t\t\t\t\t\t \t\t\t\t\t\t\t\t<h2 class=\"pricing-plan-name\">A2<\/h2>\r\n\t\t \t\t\t\t\t\t\t\t\r\n\t\t \t\t\t\t\t\t<\/div>\r\n\t\t \t\t\t\t\t\t<div class=\"table-content\">\r\n\t\t \t\t\t\t\t\t\t<ul class=\"list-items\">\r\n\t\t \t\t\t\t\t\t\t\t\t\t \t\t\t\t\t\t\t\t\t<li><i class=\"fa fa-check mrr-10 text-green mrr-10\"><\/i>Metodolog\u00eda Natural learning approach<\/li>\r\n\t\t \t\t\t\t\t\t\t\t\t\r\n\t\t \t\t\t\t\t\t\t\t\t\t \t\t\t\t\t\t\t\t\t<li><i class=\"fa fa-check mrr-10 text-green mrr-10\"><\/i>Profesores con perfil profesional dedicados a la ense\u00f1anza<\/li>\r\n\t\t \t\t\t\t\t\t\t\t\t\r\n\t\t \t\t\t\t\t\t\t\t\t\t \t\t\t\t\t\t\t\t\t<li><i class=\"fa fa-check mrr-10 text-green mrr-10\"><\/i>Cada nivel cursado y aprobado ser\u00e1 certificado<\/li>\r\n\t\t \t\t\t\t\t\t\t\t\t\r\n\t\t \t\t\t\t\t\t\t\t\t\t \t\t\t\t\t\t\t\t\t<li><i class=\"fa fa-check mrr-10 text-green mrr-10\"><\/i>Vivencial, interactivo y pr\u00e1ctico<\/li>\r\n\t\t \t\t\t\t\t\t\t\t\t\r\n\t\t \t\t\t\t\t\t\t\t\t\r\n\t\t \t\t\t\t\t\t\t<\/ul>\r\n\t\t \t\t\t\t\t\t<\/div>\r\n\t\t \t\t\t\t\t\t<div class=\"table-footer\">\r\n\t\t \t\t\t\t\t\t\t\t\t \t\t\t\t\t\t\t\t<a href=\"https:\/\/payco.link\/698429\" class=\"cs-btn-one btn-primary-color\">PAGAR AHORA<\/a>\r\n\t\t \t\t\t\t\t\t\t\t\r\n\t\t \t\t\t\t\t\t<\/div>\r\n\t\t \t\t\t\t\t<\/div>\r\n\t\t \t\t\t\t<\/div>\r\n\t\t \t\t\t\t\t \t\t\t\t<div class=\"col-lg-4 col-md-6 col-sm-12\">\r\n\t\t \t\t\t\t\t<div class=\"price-table mrb-30 text-center active\">\r\n\t\t \t\t\t\t\t\t<div class=\"table-header\">\r\n\t\t \t\t\t\t\t\t\t\t\t \t\t\t\t\t\t\t\t<h3 class=\"price\"><span class=\"price-currency\">$950.000\/ 3er Nivel <\/span><\/h3>\r\n\t\t \t\t\t\t\t\t\t\t\r\n\t\t \t\t\t\t\t\t\t\t\t \t\t\t\t\t\t\t\t<h2 class=\"pricing-plan-name\">B1<\/h2>\r\n\t\t \t\t\t\t\t\t\t\t\r\n\t\t \t\t\t\t\t\t<\/div>\r\n\t\t \t\t\t\t\t\t<div class=\"table-content\">\r\n\t\t \t\t\t\t\t\t\t<ul class=\"list-items\">\r\n\t\t \t\t\t\t\t\t\t\t\t\t \t\t\t\t\t\t\t\t\t<li><i class=\"fa fa-check mrr-10 text-green mrr-10\"><\/i>Metodolog\u00eda Natural learning approach<\/li>\r\n\t\t \t\t\t\t\t\t\t\t\t\r\n\t\t \t\t\t\t\t\t\t\t\t\t \t\t\t\t\t\t\t\t\t<li><i class=\"fa fa-check mrr-10 text-green mrr-10\"><\/i>Profesores con perfil profesional dedicados a la ense\u00f1anza<\/li>\r\n\t\t \t\t\t\t\t\t\t\t\t\r\n\t\t \t\t\t\t\t\t\t\t\t\t \t\t\t\t\t\t\t\t\t<li><i class=\"fa fa-check mrr-10 text-green mrr-10\"><\/i>Cada nivel cursado y aprobado ser\u00e1 certificado<\/li>\r\n\t\t \t\t\t\t\t\t\t\t\t\r\n\t\t \t\t\t\t\t\t\t\t\t\t \t\t\t\t\t\t\t\t\t<li><i class=\"fa fa-check mrr-10 text-green mrr-10\"><\/i>Profesores nativos con experiencia en la ense\u00f1anza<\/li>\r\n\t\t \t\t\t\t\t\t\t\t\t\r\n\t\t \t\t\t\t\t\t\t\t\t\r\n\t\t \t\t\t\t\t\t\t<\/ul>\r\n\t\t \t\t\t\t\t\t<\/div>\r\n\t\t \t\t\t\t\t\t<div class=\"table-footer\">\r\n\t\t \t\t\t\t\t\t\t\t\t \t\t\t\t\t\t\t\t<a href=\"https:\/\/payco.link\/698449\" class=\"cs-btn-one btn-primary-color\">PAGAR AHORA<\/a>\r\n\t\t \t\t\t\t\t\t\t\t\r\n\t\t \t\t\t\t\t\t<\/div>\r\n\t\t \t\t\t\t\t<\/div>\r\n\t\t \t\t\t\t<\/div>\r\n\t\t \t\t\t\t\t \t\t\t\t<div class=\"col-lg-4 col-md-6 col-sm-12\">\r\n\t\t \t\t\t\t\t<div class=\"price-table mrb-30 text-center active\">\r\n\t\t \t\t\t\t\t\t<div class=\"table-header\">\r\n\t\t \t\t\t\t\t\t\t\t\t \t\t\t\t\t\t\t\t<h3 class=\"price\"><span class=\"price-currency\">$950.000\/ 4to Nivel <\/span><\/h3>\r\n\t\t \t\t\t\t\t\t\t\t\r\n\t\t \t\t\t\t\t\t\t\t\t \t\t\t\t\t\t\t\t<h2 class=\"pricing-plan-name\">B2<\/h2>\r\n\t\t \t\t\t\t\t\t\t\t\r\n\t\t \t\t\t\t\t\t<\/div>\r\n\t\t \t\t\t\t\t\t<div class=\"table-content\">\r\n\t\t \t\t\t\t\t\t\t<ul class=\"list-items\">\r\n\t\t \t\t\t\t\t\t\t\t\t\t \t\t\t\t\t\t\t\t\t<li><i class=\"fa fa-check mrr-10 text-green mrr-10\"><\/i>Metodolog\u00eda Natural learning approach<\/li>\r\n\t\t \t\t\t\t\t\t\t\t\t\r\n\t\t \t\t\t\t\t\t\t\t\t\t \t\t\t\t\t\t\t\t\t<li><i class=\"fa fa-check mrr-10 text-green mrr-10\"><\/i>Profesores con perfil profesional dedicados a la ense\u00f1anza<\/li>\r\n\t\t \t\t\t\t\t\t\t\t\t\r\n\t\t \t\t\t\t\t\t\t\t\t\t \t\t\t\t\t\t\t\t\t<li><i class=\"fa fa-check mrr-10 text-green mrr-10\"><\/i>Cada nivel cursado y aprobado ser\u00e1 certificado<\/li>\r\n\t\t \t\t\t\t\t\t\t\t\t\r\n\t\t \t\t\t\t\t\t\t\t\t\t \t\t\t\t\t\t\t\t\t<li><i class=\"fa fa-check mrr-10 text-green mrr-10\"><\/i>Profesores nativos con experiencia en la ense\u00f1anza<\/li>\r\n\t\t \t\t\t\t\t\t\t\t\t\r\n\t\t \t\t\t\t\t\t\t\t\t\r\n\t\t \t\t\t\t\t\t\t<\/ul>\r\n\t\t \t\t\t\t\t\t<\/div>\r\n\t\t \t\t\t\t\t\t<div class=\"table-footer\">\r\n\t\t \t\t\t\t\t\t\t\t\t \t\t\t\t\t\t\t\t<a href=\"https:\/\/payco.link\/698458\" class=\"cs-btn-one btn-primary-color\">PAGAR AHORA<\/a>\r\n\t\t \t\t\t\t\t\t\t\t\r\n\t\t \t\t\t\t\t\t<\/div>\r\n\t\t \t\t\t\t\t<\/div>\r\n\t\t \t\t\t\t<\/div>\r\n\t\t \t\t\t\t\t \t\t\t\t<div class=\"col-lg-4 col-md-6 col-sm-12\">\r\n\t\t \t\t\t\t\t<div class=\"price-table mrb-30 text-center \">\r\n\t\t \t\t\t\t\t\t<div class=\"table-header\">\r\n\t\t \t\t\t\t\t\t\t\t\t \t\t\t\t\t\t\t\t<h3 class=\"price\"><span class=\"price-currency\">$120.000\/ BOOK<\/span><\/h3>\r\n\t\t \t\t\t\t\t\t\t\t\r\n\t\t \t\t\t\t\t\t\t\t\t \t\t\t\t\t\t\t\t<h2 class=\"pricing-plan-name\">CONVENIOS ESPECIALES<\/h2>\r\n\t\t \t\t\t\t\t\t\t\t\r\n\t\t \t\t\t\t\t\t<\/div>\r\n\t\t \t\t\t\t\t\t<div class=\"table-content\">\r\n\t\t \t\t\t\t\t\t\t<ul class=\"list-items\">\r\n\t\t \t\t\t\t\t\t\t\t\t\t \t\t\t\t\t\t\t\t\t<li><i class=\"fa fa-check mrr-10 text-green mrr-10\"><\/i>Metodolog\u00eda Natural learning approach<\/li>\r\n\t\t \t\t\t\t\t\t\t\t\t\r\n\t\t \t\t\t\t\t\t\t\t\t\t \t\t\t\t\t\t\t\t\t<li><i class=\"fa fa-check mrr-10 text-green mrr-10\"><\/i>Profesores con perfil profesional dedicados a la ense\u00f1anza<\/li>\r\n\t\t \t\t\t\t\t\t\t\t\t\r\n\t\t \t\t\t\t\t\t\t\t\t\t \t\t\t\t\t\t\t\t\t<li><i class=\"fa fa fa-check mrr-10 text-green mrr-10\"><\/i>Cada nivel cursado y aprobado ser\u00e1 certificado<\/li>\r\n\t\t \t\t\t\t\t\t\t\t\t\r\n\t\t \t\t\t\t\t\t\t\t\t\t \t\t\t\t\t\t\t\t\t<li><i class=\"fa fa fa-check mrr-10 text-green mrr-10\"><\/i>Precio exclusivo para convenios<\/li>\r\n\t\t \t\t\t\t\t\t\t\t\t\r\n\t\t \t\t\t\t\t\t\t\t\t\r\n\t\t \t\t\t\t\t\t\t<\/ul>\r\n\t\t \t\t\t\t\t\t<\/div>\r\n\t\t \t\t\t\t\t\t<div class=\"table-footer\">\r\n\t\t \t\t\t\t\t\t\t\t\t \t\t\t\t\t\t\t\t<a href=\"https:\/\/payco.link\/698473\" class=\"cs-btn-one btn-primary-color\">PAGAR AHORA<\/a>\r\n\t\t \t\t\t\t\t\t\t\t\r\n\t\t \t\t\t\t\t\t<\/div>\r\n\t\t \t\t\t\t\t<\/div>\r\n\t\t \t\t\t\t<\/div>\r\n\t\t \t\t\t\t\t \t\t<\/div>\r\n\t\t \t<\/div>\r\n\t\t <\/section>\r\n\t\t\r\n\t\t\t<\/div>\n\t\t\t\t<\/div>\n\t\t\t\t\t<\/div>\n\t\t<\/div>\n\t\t\t\t\t\t\t<\/div>\n\t\t<\/section>\n\t\t\t\t<section class=\"elementor-section elementor-top-section elementor-element elementor-element-5cafef8 elementor-section-boxed elementor-section-height-default elementor-section-height-default\" data-id=\"5cafef8\" data-element_type=\"section\">\n\t\t\t\t\t\t<div class=\"elementor-container elementor-column-gap-default\">\n\t\t\t\t\t<div class=\"elementor-column elementor-col-100 elementor-top-column elementor-element elementor-element-4a1dcd6\" data-id=\"4a1dcd6\" data-element_type=\"column\">\n\t\t\t<div class=\"elementor-widget-wrap elementor-element-populated\">\n\t\t\t\t\t\t\t\t<div class=\"elementor-element elementor-element-32299e4 e-grid-align-tablet-center e-grid-align-mobile-center elementor-shape-rounded elementor-grid-0 e-grid-align-center elementor-widget elementor-widget-social-icons\" data-id=\"32299e4\" data-element_type=\"widget\" data-widget_type=\"social-icons.default\">\n\t\t\t\t<div class=\"elementor-widget-container\">\n\t\t\t\t\t<div class=\"elementor-social-icons-wrapper elementor-grid\">\n\t\t\t\t\t\t\t<span class=\"elementor-grid-item\">\n\t\t\t\t\t<a class=\"elementor-icon elementor-social-icon elementor-social-icon-facebook-f elementor-repeater-item-8c4d2e7\" href=\"https:\/\/www.facebook.com\/springfieldlc\" target=\"_blank\">\n\t\t\t\t\t\t<span class=\"elementor-screen-only\">Facebook-f<\/span>\n\t\t\t\t\t\t<i class=\"fab fa-facebook-f\"><\/i>\t\t\t\t\t<\/a>\n\t\t\t\t<\/span>\n\t\t\t\t\t\t\t<span class=\"elementor-grid-item\">\n\t\t\t\t\t<a class=\"elementor-icon elementor-social-icon elementor-social-icon-twitter elementor-repeater-item-4e3cbb7\" href=\"https:\/\/twitter.com\/Springfield_LC\" target=\"_blank\">\n\t\t\t\t\t\t<span class=\"elementor-screen-only\">Twitter<\/span>\n\t\t\t\t\t\t<i class=\"fab fa-twitter\"><\/i>\t\t\t\t\t<\/a>\n\t\t\t\t<\/span>\n\t\t\t\t\t\t\t<span class=\"elementor-grid-item\">\n\t\t\t\t\t<a class=\"elementor-icon elementor-social-icon elementor-social-icon-youtube elementor-repeater-item-eb271b4\" href=\"https:\/\/www.youtube.com\/channel\/UCRqFozMTDDqlhXeiFhiYRsQ\" target=\"_blank\">\n\t\t\t\t\t\t<span class=\"elementor-screen-only\">Youtube<\/span>\n\t\t\t\t\t\t<i class=\"fab fa-youtube\"><\/i>\t\t\t\t\t<\/a>\n\t\t\t\t<\/span>\n\t\t\t\t\t\t\t<span class=\"elementor-grid-item\">\n\t\t\t\t\t<a class=\"elementor-icon elementor-social-icon elementor-social-icon-instagram elementor-repeater-item-004809d\" href=\"https:\/\/www.instagram.com\/springfieldlc\/\" target=\"_blank\">\n\t\t\t\t\t\t<span class=\"elementor-screen-only\">Instagram<\/span>\n\t\t\t\t\t\t<i class=\"fab fa-instagram\"><\/i>\t\t\t\t\t<\/a>\n\t\t\t\t<\/span>\n\t\t\t\t\t<\/div>\n\t\t\t\t<\/div>\n\t\t\t\t<\/div>\n\t\t\t\t\t<\/div>\n\t\t<\/div>\n\t\t\t\t\t\t\t<\/div>\n\t\t<\/section>\n\t\t\t\t\t\t\t<\/div>\n\t\t","protected":false},"excerpt":{"rendered":"<p>$900.000\/ 1er Nivel A1 Metodolog\u00eda Natural learning approach Profesores con perfil profesional dedicados a la ense\u00f1anza Cada nivel cursado y aprobado ser\u00e1 certificado Vivencial, interactivo y pr\u00e1ctico PAGAR AHORA $900.000\/ 2do Nivel A2 Metodolog\u00eda Natural learning approach Profesores con perfil profesional dedicados a la ense\u00f1anza Cada nivel cursado y aprobado ser\u00e1 certificado Vivencial, interactivo y [&hellip;]<\/p>\n","protected":false},"author":3,"featured_media":0,"parent":0,"menu_order":0,"comment_status":"closed","ping_status":"closed","template":"page-templates\/home2.php","meta":{"footnotes":""},"aioseo_notices":[],"jetpack_sharing_enabled":true,"amp_enabled":true,"_links":{"self":[{"href":"https:\/\/springfield.edu.co\/site\/wp-json\/wp\/v2\/pages\/1203"}],"collection":[{"href":"https:\/\/springfield.edu.co\/site\/wp-json\/wp\/v2\/pages"}],"about":[{"href":"https:\/\/springfield.edu.co\/site\/wp-json\/wp\/v2\/types\/page"}],"author":[{"embeddable":true,"href":"https:\/\/springfield.edu.co\/site\/wp-json\/wp\/v2\/users\/3"}],"replies":[{"embeddable":true,"href":"https:\/\/springfield.edu.co\/site\/wp-json\/wp\/v2\/comments?post=1203"}],"version-history":[{"count":21,"href":"https:\/\/springfield.edu.co\/site\/wp-json\/wp\/v2\/pages\/1203\/revisions"}],"predecessor-version":[{"id":1234,"href":"https:\/\/springfield.edu.co\/site\/wp-json\/wp\/v2\/pages\/1203\/revisions\/1234"}],"wp:attachment":[{"href":"https:\/\/springfield.edu.co\/site\/wp-json\/wp\/v2\/media?parent=1203"}],"curies":[{"name":"wp","href":"https:\/\/api.w.org\/{rel}","templated":true}]}}