{"id":255,"date":"2020-05-05T03:28:57","date_gmt":"2020-05-05T08:28:57","guid":{"rendered":"http:\/\/shtheme.org\/demosd\/avitorewp\/?page_id=255"},"modified":"2022-02-04T16:13:45","modified_gmt":"2022-02-04T21:13:45","slug":"pagos-en-linea","status":"publish","type":"page","link":"https:\/\/springfield.edu.co\/site\/pagos-en-linea\/","title":{"rendered":"Pagos En L\u00ednea"},"content":{"rendered":"\t\t<div data-elementor-type=\"wp-post\" data-elementor-id=\"255\" class=\"elementor elementor-255\">\n\t\t\t\t\t\t\t\t\t<section class=\"elementor-section elementor-top-section elementor-element elementor-element-bdae2a9 elementor-section-full_width elementor-section-height-default elementor-section-height-default\" data-id=\"bdae2a9\" data-element_type=\"section\">\n\t\t\t\t\t\t<div class=\"elementor-container elementor-column-gap-no\">\n\t\t\t\t\t<div class=\"elementor-column elementor-col-100 elementor-top-column elementor-element elementor-element-b9381a4\" data-id=\"b9381a4\" data-element_type=\"column\">\n\t\t\t<div class=\"elementor-widget-wrap elementor-element-populated\">\n\t\t\t\t\t\t\t\t<div class=\"elementor-element elementor-element-9095009 elementor-align-center elementor-widget elementor-widget-bdevs-slider\" data-id=\"9095009\" data-element_type=\"widget\" data-widget_type=\"bdevs-slider.default\">\n\t\t\t\t<div class=\"elementor-widget-container\">\n\t\t\t\t\t\n\t\t<h2 style=\"display: none;\">1111111111<\/h2>\n\t\t<div id=\"banner-container\" class=\"rev_slider_wrapper fullwidthbanner-container\" data-alias=\"classic4export\" data-source=\"gallery\" style=\"margin:0px auto;background-color:transparent;padding:0px;margin-top:0px;margin-bottom:0px;\">\n\t\t\t<!-- START REVOLUTION SLIDER 5.3.0.2 auto mode -->\n\t\t\t<div id=\"banner-slide\" class=\"rev_slider fullwidthabanner\" style=\"display:none;\" data-version=\"5.3.0.2\">\n\t\t\t\t<div class=\"slotholder\"><\/div>\n\t\t\t\t<ul>\n\t\t\t\t\t\t<li data-index=\"\" data-transition=\"slideremovedown\" data-slotamount=\"7\" data-hideafterloop=\"0\" data-hideslideonmobile=\"off\" data-easein=\"Power4.easeInOut\" data-easeout=\"Power4.easeInOut\" data-masterspeed=\"1000\" data-rotate=\"0\" data-saveperformance=\"off\" data-title=\"Ken Burns\" data-param1=\"\" data-param2=\"\" data-param3=\"\" data-param4=\"\" data-param5=\"\" data-param6=\"\" data-param7=\"\" data-param8=\"\" data-param9=\"\" data-param10=\"\" data-description=\"\">\n\t\t\t\t<!-- MAIN IMAGE -->\n\t\t\t\t<img decoding=\"async\" src=\"https:\/\/i0.wp.com\/springfield.edu.co\/site\/wp-content\/uploads\/2020\/04\/12.png?w=900&#038;ssl=1\" alt=\"\" data-bgposition=\"center center\" data-kenburns=\"off\" data-duration=\"30000\" data-ease=\"Linear.easeNone\" data-scalestart=\"100\" data-scaleend=\"120\" data-rotatestart=\"0\" data-rotateend=\"0\" data-offsetstart=\"0 0\" data-offsetend=\"0 0\" class=\"rev-slidebg\" data-no-retina data-recalc-dims=\"1\">\n\t\t\t\t<!-- LAYERS -->\n\t\t\t\t<!-- LAYER NR. 1 -->\n\t\t\t\t<div class=\"tp-caption title-slide color-white\" id=\"ID 1\" data-x=\"['left','left','left','left']\" data-hoffset=\"['39','39','39','39']\" data-y=\"['middle','middle','middle','middle']\" data-voffset=\"['-95','-65','-77','-90']\" data-fontsize=\"['55','52','45','35']\" data-lineheight=\"['60','57','50','40']\" data-fontweight=\"['800','800','800','800']\" data-width=\"none\" data-height=\"none\" data-whitespace=\"nowrap\" data-type=\"text\" data-responsive_offset=\"on\" data-frames='[{\"delay\":200,\"speed\":2000,\"frame\":\"0\",\"from\":\"y:-50px;opacity:0;\",\"to\":\"o:1;\",\"ease\":\"Power3.easeInOut\"},{\"delay\":\"wait\",\"speed\":600,\"frame\":\"999\",\"to\":\"auto:auto;\",\"ease\":\"Power3.easeInOut\"}]' data-textAlign=\"['left','left','left','left']\" data-paddingtop=\"[10,10,10,10]\" data-paddingright=\"[0,0,0,0]\" data-paddingbottom=\"[0,0,0,0\" data-paddingleft=\"[0,0,0,0]\" style=\"z-index: 16; white-space: nowrap;\">PAGA TU PROGRAMA<\/br> EN L\u00cdNEA<\/p> <\/div>\n\t\t\t\t<!-- LAYER NR. 2 -->\n\t\t\t\t<div class=\"tp-caption sub-title color-white\" id=\"ID 2\" data-x=\"['left','left','left','left']\" data-hoffset=\"['37','37','37','37']\" data-y=\"['middle','middle','middle','middle']\" data-voffset=\"['30','30','30','0']\" data-fontsize=\"['20',18','18','18']\" data-lineheight=\"['30','30','30','24']\" data-fontweight=\"['400','400','400','400']\" data-width=\"none\" data-height=\"none\" data-whitespace=\"nowrap\" data-type=\"text\" data-responsive_offset=\"on\" data-frames='[{\"from\":\"y:[100%];z:0;rX:0deg;rY:0;rZ:0;sX:1;sY:1;skX:0;skY:0;opacity:0;\",\"mask\":\"x:0px;y:[100%];s:inherit;e:inherit;\",\"speed\":2000,\"to\":\"o:1;\",\"delay\":300,\"ease\":\"Power4.easeInOut\"},{\"delay\":\"wait\",\"speed\":700,\"to\":\"y:[100%];\",\"mask\":\"x:inherit;y:inherit;s:inherit;e:inherit;\",\"ease\":\"Power2.easeInOut\"}]' data-textAlign=\"['left','left','left','left']\" data-paddingtop=\"[0,0,0,0]\" data-paddingright=\"[0,0,0,0]\" data-paddingbottom=\"[0,0,0,0]\" data-paddingleft=\"[0,0,0,0]\" style=\"z-index: 17; white-space: nowrap;\">\u00a1AQU\u00cd PODRAS DESDE TU COMPU. O TU CEL. <\/br>PAGAR TU PROGRAMA SIN SALIR DE CASA!<\/p> <\/div>\n\n\t\t\t\t<a href=\"https:\/\/springfield.edu.co\/site\/contactanos\/\" target=\"_self\" class=\"tp-caption cs-btn-one btn-primary-color\" data-frames='[{\"delay\":1500,\"speed\":500,\"frame\":\"0\",\"from\":\"y:50px;opacity:0;\",\"to\":\"o:1;\",\"ease\":\"Power0.easeIn\"},{\"delay\":\"wait\",\"speed\":500,\"frame\":\"999\",\"to\":\"opacity:0;\",\"ease\":\"Power3.easeInOut\"}]' data-textAlign=\"['inherit','inherit','inherit','inherit']\" data-x=\"['left','left','left','left']\" data-hoffset=\"['36','36','36','36']\" data-y=\"['middle','middle','middle','middle']\" data-voffset=\"['130','130','120','80']\" data-fontsize=\"['14','14','14','14']\" data-width=\"['auto']\" data-height=\"['auto']\">ESCRIBENOS AQU\u00cd <\/a>\n\n\t\t\t\t<a href=\"https:\/\/springfield.edu.co\/site\/contactanos\/\" target=\"_self\" class=\"tp-caption cs-btn-one border btn-transparent\" data-frames='[{\"delay\":1500,\"speed\":500,\"frame\":\"0\",\"from\":\"y:50px;opacity:0;\",\"to\":\"o:1;\",\"ease\":\"Power0.easeIn\"},{\"delay\":\"wait\",\"speed\":500,\"frame\":\"999\",\"to\":\"opacity:0;\",\"ease\":\"Power3.easeInOut\"}]' data-textAlign=\"['inherit','inherit','inherit','inherit']\" data-x=\"['left','left','left','left']\" data-hoffset=\"['250','250','250','245']\" data-y=\"['middle','middle','middle','middle']\" data-voffset=\"['130','130','120','80']\" data-fontsize=\"['14','14','14','14']\" data-width=\"['auto']\" data-height=\"['auto']\">NUESTROS PROGRAMAS <\/a>\n\t\t\t<\/li>\n\t\t\t\n        \t        <li data-index=\"rs-02\" data-transition=\"random-static\" data-slotamount=\"default\" data-hideafterloop=\"0\" data-hideslideonmobile=\"off\" data-easein=\"Power4.easeInOut\" data-easeout=\"Power4.easeInOut\" data-masterspeed=\"1000\" data-rotate=\"0\" data-saveperformance=\"off\" data-title=\"HTML5 Video\" data-param1=\"\" data-param2=\"\" data-param3=\"\" data-param4=\"\" data-param5=\"\" data-param6=\"\" data-param7=\"\" data-param8=\"\" data-param9=\"\" data-param10=\"\" data-description=\"\">\n\t        \t<!-- MAIN IMAGE -->\n\t        \t\t        \t<img decoding=\"async\" src=\"https:\/\/i0.wp.com\/springfield.edu.co\/site\/wp-content\/uploads\/2020\/04\/13-e1603914610404.png?w=900&#038;ssl=1\" alt=\"img3\" data-bgposition=\"center center\" data-bgfit=\"cover\" class=\"rev-slidebg\" data-no-retina data-recalc-dims=\"1\">\n\t        \t\t\n\t        \t\t        \t<div class=\"tp-caption title-slide color-white\" id=\"ID 1\" data-x=\"['center','center','center','center']\" data-hoffset=\"['0','0','0','0']\" data-y=\"['middle','middle','middle','middle']\" data-voffset=\"['-120','-33','-90','-90']\" data-fontsize=\"['58','55','45','38']\" data-lineheight=\"['65','57','55','45']\" data-fontweight=\"['800','800','800','800']\" data-width=\"none\" data-height=\"none\" data-whitespace=\"nowrap\" data-type=\"text\" data-responsive_offset=\"on\" data-frames='[{\"delay\":200,\"speed\":2000,\"frame\":\"0\",\"from\":\"y:-50px;opacity:0;\",\"to\":\"o:1;\",\"ease\":\"Power3.easeInOut\"},{\"delay\":\"wait\",\"speed\":300,\"frame\":\"999\",\"to\":\"auto:auto;\",\"ease\":\"Power3.easeInOut\"}]' data-textAlign=\"['center','center','center','center']\" data-paddingtop=\"[10,10,10,10]\" data-paddingright=\"[0,0,0,0]\" data-paddingbottom=\"[0,0,0,0\" data-paddingleft=\"[0,0,0,0]\" style=\"z-index: 16; white-space: nowrap;\">\u00bfTienes preguntas? <\/div>\n\t        \t\t\n\t        \t<!-- LAYER NR. 1 -->\n\t        \t\t\n\t        \t\t        \t<a href=\"https:\/\/springfield.edu.co\/site\/contactanos\/\" target=\"_self\" class=\"tp-caption cs-btn-one btn-primary-color\" data-frames='[{\"from\":\"y:[100%];z:0;rX:0deg;rY:0;rZ:0;sX:1;sY:1;skX:0;skY:0;opacity:0;\",\"mask\":\"x:0px;y:[100%];s:inherit;e:inherit;\",\"speed\":2000,\"to\":\"o:1;\",\"delay\":400,\"ease\":\"Power4.easeInOut\"},{\"delay\":\"wait\",\"speed\":1000,\"to\":\"y:[100%];\",\"mask\":\"x:inherit;y:inherit;s:inherit;e:inherit;\",\"ease\":\"Power2.easeInOut\"}]' data-x=\"['center','center','center','center']\" data-hoffset=\"['0','0','0','0']\" data-y=\"['middle','middle','middle','middle']\" data-voffset=\"['100','80','90','90']\" data-fontsize=\"['14',14','14','14']\" data-width=\"['auto']\" data-height=\"['auto']\">Cont\u00e1ctanos <\/a>\n\t        \t\t        <\/li> \n\t       \t\t\n\t\t\t\n       <\/ul>\n    <\/div>\n  <\/div>\n\n\t\t\t<\/div>\n\t\t\t\t<\/div>\n\t\t\t\t<div class=\"elementor-element elementor-element-f5c63cc elementor-align-left elementor-widget elementor-widget-bdevs-pricing\" data-id=\"f5c63cc\" data-element_type=\"widget\" data-widget_type=\"bdevs-pricing.default\">\n\t\t\t\t<div class=\"elementor-widget-container\">\n\t\t\t\r\n\t\t<section class=\"price-section pdt-125 pdb-100\">\r\n\t\t \t<div class=\"container\">\r\n\t\t \t\t<div class=\"row\">\r\n\t\t \t\t\t\t\t \t\t\t\t<div class=\"col-lg-4 col-md-6 col-sm-12\">\r\n\t\t \t\t\t\t\t<div class=\"price-table mrb-30 text-center active\">\r\n\t\t \t\t\t\t\t\t<div class=\"table-header\">\r\n\t\t \t\t\t\t\t\t\t\t\t \t\t\t\t\t\t\t\t<h3 class=\"price\"><span class=\"price-currency\">PAGO EN L\u00cdNEA  <\/span> \n<\/h3>\r\n\t\t \t\t\t\t\t\t\t\t\r\n\t\t \t\t\t\t\t\t\t\t\t \t\t\t\t\t\t\t\t<h2 class=\"pricing-plan-name\">INGL\u00c9S<\/h2>\r\n\t\t \t\t\t\t\t\t\t\t\r\n\t\t \t\t\t\t\t\t<\/div>\r\n\t\t \t\t\t\t\t\t<div class=\"table-content\">\r\n\t\t \t\t\t\t\t\t\t<ul class=\"list-items\">\r\n\t\t \t\t\t\t\t\t\t\t\t\t \t\t\t\t\t\t\t\t\t<li><i class=\"fa fa-check mrr-10 text-green mrr-10\"><\/i>Metodolog\u00eda Natural learning approach<\/li>\r\n\t\t \t\t\t\t\t\t\t\t\t\r\n\t\t \t\t\t\t\t\t\t\t\t\t \t\t\t\t\t\t\t\t\t<li><i class=\"fa fa-check mrr-10 text-green mrr-10\"><\/i>Profesores con perfil profesional dedicados a la ense\u00f1anza<\/li>\r\n\t\t \t\t\t\t\t\t\t\t\t\r\n\t\t \t\t\t\t\t\t\t\t\t\t \t\t\t\t\t\t\t\t\t<li><i class=\"fa fa-check mrr-10 text-green mrr-10\"><\/i>Cada nivel cursado y aprobado ser\u00e1 certificado<\/li>\r\n\t\t \t\t\t\t\t\t\t\t\t\r\n\t\t \t\t\t\t\t\t\t\t\t\t \t\t\t\t\t\t\t\t\t<li><i class=\"fa fa-check mrr-10 text-green mrr-10\"><\/i>Vivencial, interactivo y pr\u00e1ctico<\/li>\r\n\t\t \t\t\t\t\t\t\t\t\t\r\n\t\t \t\t\t\t\t\t\t\t\t\r\n\t\t \t\t\t\t\t\t\t<\/ul>\r\n\t\t \t\t\t\t\t\t<\/div>\r\n\t\t \t\t\t\t\t\t<div class=\"table-footer\">\r\n\t\t \t\t\t\t\t\t\t\t\t \t\t\t\t\t\t\t\t<a href=\"https:\/\/springfield.edu.co\/site\/ingles-virtual-o-presencial\/\" class=\"cs-btn-one btn-primary-color\">NIVELES<\/a>\r\n\t\t \t\t\t\t\t\t\t\t\r\n\t\t \t\t\t\t\t\t<\/div>\r\n\t\t \t\t\t\t\t<\/div>\r\n\t\t \t\t\t\t<\/div>\r\n\t\t \t\t\t\t\t \t\t\t\t<div class=\"col-lg-4 col-md-6 col-sm-12\">\r\n\t\t \t\t\t\t\t<div class=\"price-table mrb-30 text-center active\">\r\n\t\t \t\t\t\t\t\t<div class=\"table-header\">\r\n\t\t \t\t\t\t\t\t\t\t\t \t\t\t\t\t\t\t\t<h3 class=\"price\"><span class=\"price-currency\">PAGO EN L\u00cdNEA  <\/span> \n<\/h3>\r\n\t\t \t\t\t\t\t\t\t\t\r\n\t\t \t\t\t\t\t\t\t\t\t \t\t\t\t\t\t\t\t<h2 class=\"pricing-plan-name\">INGL\u00c9S CONVENIO<\/h2>\r\n\t\t \t\t\t\t\t\t\t\t\r\n\t\t \t\t\t\t\t\t<\/div>\r\n\t\t \t\t\t\t\t\t<div class=\"table-content\">\r\n\t\t \t\t\t\t\t\t\t<ul class=\"list-items\">\r\n\t\t \t\t\t\t\t\t\t\t\t\t \t\t\t\t\t\t\t\t\t<li><i class=\"fa fa-check mrr-10 text-green mrr-10\"><\/i>Metodolog\u00eda Natural learning approach<\/li>\r\n\t\t \t\t\t\t\t\t\t\t\t\r\n\t\t \t\t\t\t\t\t\t\t\t\t \t\t\t\t\t\t\t\t\t<li><i class=\"fa fa-check mrr-10 text-green mrr-10\"><\/i>Profesores con perfil profesional dedicados a la ense\u00f1anza<\/li>\r\n\t\t \t\t\t\t\t\t\t\t\t\r\n\t\t \t\t\t\t\t\t\t\t\t\t \t\t\t\t\t\t\t\t\t<li><i class=\"fa fa-check mrr-10 text-green mrr-10\"><\/i>Cada nivel cursado y aprobado ser\u00e1 certificado<\/li>\r\n\t\t \t\t\t\t\t\t\t\t\t\r\n\t\t \t\t\t\t\t\t\t\t\t\t \t\t\t\t\t\t\t\t\t<li><i class=\"fa fa-check mrr-10 text-green mrr-10\"><\/i>Vivencial, interactivo y pr\u00e1ctico<\/li>\r\n\t\t \t\t\t\t\t\t\t\t\t\r\n\t\t \t\t\t\t\t\t\t\t\t\r\n\t\t \t\t\t\t\t\t\t<\/ul>\r\n\t\t \t\t\t\t\t\t<\/div>\r\n\t\t \t\t\t\t\t\t<div class=\"table-footer\">\r\n\t\t \t\t\t\t\t\t\t\t\t \t\t\t\t\t\t\t\t<a href=\"https:\/\/springfield.edu.co\/site\/ingles-convenio\/\" class=\"cs-btn-one btn-primary-color\">NIVELES<\/a>\r\n\t\t \t\t\t\t\t\t\t\t\r\n\t\t \t\t\t\t\t\t<\/div>\r\n\t\t \t\t\t\t\t<\/div>\r\n\t\t \t\t\t\t<\/div>\r\n\t\t \t\t\t\t\t \t\t\t\t<div class=\"col-lg-4 col-md-6 col-sm-12\">\r\n\t\t \t\t\t\t\t<div class=\"price-table mrb-30 text-center active\">\r\n\t\t \t\t\t\t\t\t<div class=\"table-header\">\r\n\t\t \t\t\t\t\t\t\t\t\t \t\t\t\t\t\t\t\t<h3 class=\"price\"><span class=\"price-currency\">PAGO EN L\u00cdNEA  <\/span> <\/h3>\r\n\t\t \t\t\t\t\t\t\t\t\r\n\t\t \t\t\t\t\t\t\t\t\t \t\t\t\t\t\t\t\t<h2 class=\"pricing-plan-name\">FRANC\u00c9S<\/h2>\r\n\t\t \t\t\t\t\t\t\t\t\r\n\t\t \t\t\t\t\t\t<\/div>\r\n\t\t \t\t\t\t\t\t<div class=\"table-content\">\r\n\t\t \t\t\t\t\t\t\t<ul class=\"list-items\">\r\n\t\t \t\t\t\t\t\t\t\t\t\t \t\t\t\t\t\t\t\t\t<li><i class=\"fa fa-check mrr-10 text-green mrr-10\"><\/i>Metodolog\u00eda Natural learning approach<\/li>\r\n\t\t \t\t\t\t\t\t\t\t\t\r\n\t\t \t\t\t\t\t\t\t\t\t\t \t\t\t\t\t\t\t\t\t<li><i class=\"fa fa-check mrr-10 text-green mrr-10\"><\/i>Profesores con perfil profesional dedicados a la ense\u00f1anza<\/li>\r\n\t\t \t\t\t\t\t\t\t\t\t\r\n\t\t \t\t\t\t\t\t\t\t\t\t \t\t\t\t\t\t\t\t\t<li><i class=\"fa fa-check mrr-10 text-green mrr-10\"><\/i>Cada nivel cursado y aprobado ser\u00e1 certificado<\/li>\r\n\t\t \t\t\t\t\t\t\t\t\t\r\n\t\t \t\t\t\t\t\t\t\t\t\t \t\t\t\t\t\t\t\t\t<li><i class=\"fa fa-check mrr-10 text-green mrr-10\"><\/i>Vivencial, interactivo y pr\u00e1ctico<\/li>\r\n\t\t \t\t\t\t\t\t\t\t\t\r\n\t\t \t\t\t\t\t\t\t\t\t\r\n\t\t \t\t\t\t\t\t\t<\/ul>\r\n\t\t \t\t\t\t\t\t<\/div>\r\n\t\t \t\t\t\t\t\t<div class=\"table-footer\">\r\n\t\t \t\t\t\t\t\t\t\t\t \t\t\t\t\t\t\t\t<a href=\"https:\/\/springfield.edu.co\/site\/frances-virtual-o-presencial\/\" class=\"cs-btn-one btn-primary-color\">NIVELES<\/a>\r\n\t\t \t\t\t\t\t\t\t\t\r\n\t\t \t\t\t\t\t\t<\/div>\r\n\t\t \t\t\t\t\t<\/div>\r\n\t\t \t\t\t\t<\/div>\r\n\t\t \t\t\t\t\t \t\t\t\t<div class=\"col-lg-4 col-md-6 col-sm-12\">\r\n\t\t \t\t\t\t\t<div class=\"price-table mrb-30 text-center \">\r\n\t\t \t\t\t\t\t\t<div class=\"table-header\">\r\n\t\t \t\t\t\t\t\t\t\t\t \t\t\t\t\t\t\t\t<h3 class=\"price\"><span class=\"price-currency\">PAGO EN L\u00cdNEA  <\/span> <\/h3>\r\n\t\t \t\t\t\t\t\t\t\t\r\n\t\t \t\t\t\t\t\t\t\t\t \t\t\t\t\t\t\t\t<h2 class=\"pricing-plan-name\">ENGLISH KIDS<\/h2>\r\n\t\t \t\t\t\t\t\t\t\t\r\n\t\t \t\t\t\t\t\t<\/div>\r\n\t\t \t\t\t\t\t\t<div class=\"table-content\">\r\n\t\t \t\t\t\t\t\t\t<ul class=\"list-items\">\r\n\t\t \t\t\t\t\t\t\t\t\t\t \t\t\t\t\t\t\t\t\t<li><i class=\"fa fa-check mrr-10 text-green mrr-10\"><\/i>Profesores con perfil profesional dedicados a la ense\u00f1anza<\/li>\r\n\t\t \t\t\t\t\t\t\t\t\t\r\n\t\t \t\t\t\t\t\t\t\t\t\t \t\t\t\t\t\t\t\t\t<li><i class=\"fa fa-check mrr-10 text-green mrr-10\"><\/i>Metodolog\u00eda Natural learning approach<\/li>\r\n\t\t \t\t\t\t\t\t\t\t\t\r\n\t\t \t\t\t\t\t\t\t\t\t\t \t\t\t\t\t\t\t\t\t<li><i class=\"fa fa fa-check mrr-10 text-green mrr-10\"><\/i>Cada nivel cursado y aprobado ser\u00e1 certificado<\/li>\r\n\t\t \t\t\t\t\t\t\t\t\t\r\n\t\t \t\t\t\t\t\t\t\t\t\t \t\t\t\t\t\t\t\t\t<li><i class=\"fa fa fa-check mrr-10 text-green mrr-10\"><\/i>Vivencial, interactivo y pr\u00e1ctico<\/li>\r\n\t\t \t\t\t\t\t\t\t\t\t\r\n\t\t \t\t\t\t\t\t\t\t\t\r\n\t\t \t\t\t\t\t\t\t<\/ul>\r\n\t\t \t\t\t\t\t\t<\/div>\r\n\t\t \t\t\t\t\t\t<div class=\"table-footer\">\r\n\t\t \t\t\t\t\t\t\t\t\t \t\t\t\t\t\t\t\t<a href=\"https:\/\/springfield.edu.co\/site\/english-kids-virtual-o-presencial\/\" class=\"cs-btn-one btn-primary-color\">NIVELES<\/a>\r\n\t\t \t\t\t\t\t\t\t\t\r\n\t\t \t\t\t\t\t\t<\/div>\r\n\t\t \t\t\t\t\t<\/div>\r\n\t\t \t\t\t\t<\/div>\r\n\t\t \t\t\t\t\t \t\t\t\t<div class=\"col-lg-4 col-md-6 col-sm-12\">\r\n\t\t \t\t\t\t\t<div class=\"price-table mrb-30 text-center \">\r\n\t\t \t\t\t\t\t\t<div class=\"table-header\">\r\n\t\t \t\t\t\t\t\t\t\t\t \t\t\t\t\t\t\t\t<h3 class=\"price\"><span class=\"price-currency\">PAGO EN L\u00cdNEA  <\/span> <\/h3>\r\n\t\t \t\t\t\t\t\t\t\t\r\n\t\t \t\t\t\t\t\t\t\t\t \t\t\t\t\t\t\t\t<h2 class=\"pricing-plan-name\">INGL\u00c9S ESPEC\u00cdFICO<\/h2>\r\n\t\t \t\t\t\t\t\t\t\t\r\n\t\t \t\t\t\t\t\t<\/div>\r\n\t\t \t\t\t\t\t\t<div class=\"table-content\">\r\n\t\t \t\t\t\t\t\t\t<ul class=\"list-items\">\r\n\t\t \t\t\t\t\t\t\t\t\t\t \t\t\t\t\t\t\t\t\t<li><i class=\"fa fa-check mrr-10 text-green mrr-10\"><\/i>15 lecciones o temas<\/li>\r\n\t\t \t\t\t\t\t\t\t\t\t\r\n\t\t \t\t\t\t\t\t\t\t\t\t \t\t\t\t\t\t\t\t\t<li><i class=\"fa fa-check mrr-10 text-green mrr-10\"><\/i>Natural learning approach.<\/li>\r\n\t\t \t\t\t\t\t\t\t\t\t\r\n\t\t \t\t\t\t\t\t\t\t\t\t \t\t\t\t\t\t\t\t\t<li><i class=\"fa fa fa-check mrr-10 text-green mrr-10\"><\/i>Vivencial, interactivo y practico.<\/li>\r\n\t\t \t\t\t\t\t\t\t\t\t\r\n\t\t \t\t\t\t\t\t\t\t\t\t \t\t\t\t\t\t\t\t\t<li><i class=\"fa fa fa-check mrr-10 text-green mrr-10\"><\/i>Profesores con perfil profesional dedicados a la ense\u00f1anza<\/li>\r\n\t\t \t\t\t\t\t\t\t\t\t\r\n\t\t \t\t\t\t\t\t\t\t\t\r\n\t\t \t\t\t\t\t\t\t<\/ul>\r\n\t\t \t\t\t\t\t\t<\/div>\r\n\t\t \t\t\t\t\t\t<div class=\"table-footer\">\r\n\t\t \t\t\t\t\t\t\t\t\t \t\t\t\t\t\t\t\t<a href=\"https:\/\/payco.link\/692473\" class=\"cs-btn-one btn-primary-color\">MODULO<\/a>\r\n\t\t \t\t\t\t\t\t\t\t\r\n\t\t \t\t\t\t\t\t<\/div>\r\n\t\t \t\t\t\t\t<\/div>\r\n\t\t \t\t\t\t<\/div>\r\n\t\t \t\t\t\t\t \t\t\t\t<div class=\"col-lg-4 col-md-6 col-sm-12\">\r\n\t\t \t\t\t\t\t<div class=\"price-table mrb-30 text-center \">\r\n\t\t \t\t\t\t\t\t<div class=\"table-header\">\r\n\t\t \t\t\t\t\t\t\t\t\t \t\t\t\t\t\t\t\t<h3 class=\"price\"><span class=\"price-currency\">PAGO EN L\u00cdNEA  <\/span> <\/h3>\r\n\t\t \t\t\t\t\t\t\t\t\r\n\t\t \t\t\t\t\t\t\t\t\t \t\t\t\t\t\t\t\t<h2 class=\"pricing-plan-name\">BOOK INGL\u00c9S O FRANC\u00c9S <\/h2>\r\n\t\t \t\t\t\t\t\t\t\t\r\n\t\t \t\t\t\t\t\t<\/div>\r\n\t\t \t\t\t\t\t\t<div class=\"table-content\">\r\n\t\t \t\t\t\t\t\t\t<ul class=\"list-items\">\r\n\t\t \t\t\t\t\t\t\t\t\t\t \t\t\t\t\t\t\t\t\t<li><i class=\"fa fa-check mrr-10 text-green mrr-10\"><\/i>Aplica para todos los programas<\/li>\r\n\t\t \t\t\t\t\t\t\t\t\t\r\n\t\t \t\t\t\t\t\t\t\t\t\t \t\t\t\t\t\t\t\t\t<li><i class=\"fa fa-check mrr-10 text-green mrr-10\"><\/i>Libro y material de apoyo<\/li>\r\n\t\t \t\t\t\t\t\t\t\t\t\r\n\t\t \t\t\t\t\t\t\t\t\t\t \t\t\t\t\t\t\t\t\t<li><i class=\"fa fa fa-check mrr-10 text-green mrr-10\"><\/i>Cada nivel cursado y aprobado ser\u00e1 certificado<\/li>\r\n\t\t \t\t\t\t\t\t\t\t\t\r\n\t\t \t\t\t\t\t\t\t\t\t\r\n\t\t \t\t\t\t\t\t\t\t\t\r\n\t\t \t\t\t\t\t\t\t<\/ul>\r\n\t\t \t\t\t\t\t\t<\/div>\r\n\t\t \t\t\t\t\t\t<div class=\"table-footer\">\r\n\t\t \t\t\t\t\t\t\t\t\t \t\t\t\t\t\t\t\t<a href=\"https:\/\/payco.link\/692464\" class=\"cs-btn-one btn-primary-color\">PAGAR AHORA<\/a>\r\n\t\t \t\t\t\t\t\t\t\t\r\n\t\t \t\t\t\t\t\t<\/div>\r\n\t\t \t\t\t\t\t<\/div>\r\n\t\t \t\t\t\t<\/div>\r\n\t\t \t\t\t\t\t \t\t<\/div>\r\n\t\t \t<\/div>\r\n\t\t <\/section>\r\n\t\t\r\n\t\t\t<\/div>\n\t\t\t\t<\/div>\n\t\t\t\t<div class=\"elementor-element elementor-element-e9cf2ba elementor-widget elementor-widget-image\" data-id=\"e9cf2ba\" data-element_type=\"widget\" data-widget_type=\"image.default\">\n\t\t\t\t<div class=\"elementor-widget-container\">\n\t\t\t\t\t\t\t\t\t\t\t\t\t\t\t<img decoding=\"async\" width=\"900\" height=\"224\" src=\"https:\/\/i0.wp.com\/springfield.edu.co\/site\/wp-content\/uploads\/2020\/11\/Captura-de-Pantalla-2020-11-17-a-las-1.11.27-p.-m.-1.png?fit=900%2C224&amp;ssl=1\" class=\"attachment-large size-large wp-image-1264\" alt=\"MEDIOS DE PAGO 2 SPRINGFIELD\" srcset=\"https:\/\/i0.wp.com\/springfield.edu.co\/site\/wp-content\/uploads\/2020\/11\/Captura-de-Pantalla-2020-11-17-a-las-1.11.27-p.-m.-1.png?w=943&amp;ssl=1 943w, https:\/\/i0.wp.com\/springfield.edu.co\/site\/wp-content\/uploads\/2020\/11\/Captura-de-Pantalla-2020-11-17-a-las-1.11.27-p.-m.-1.png?resize=300%2C75&amp;ssl=1 300w, https:\/\/i0.wp.com\/springfield.edu.co\/site\/wp-content\/uploads\/2020\/11\/Captura-de-Pantalla-2020-11-17-a-las-1.11.27-p.-m.-1.png?resize=768%2C191&amp;ssl=1 768w, https:\/\/i0.wp.com\/springfield.edu.co\/site\/wp-content\/uploads\/2020\/11\/Captura-de-Pantalla-2020-11-17-a-las-1.11.27-p.-m.-1.png?resize=600%2C150&amp;ssl=1 600w\" sizes=\"(max-width: 900px) 100vw, 900px\" \/>\t\t\t\t\t\t\t\t\t\t\t\t\t\t\t<\/div>\n\t\t\t\t<\/div>\n\t\t\t\t\t<\/div>\n\t\t<\/div>\n\t\t\t\t\t\t\t<\/div>\n\t\t<\/section>\n\t\t\t\t<section class=\"elementor-section elementor-top-section elementor-element elementor-element-7bfa461 elementor-section-boxed elementor-section-height-default elementor-section-height-default\" data-id=\"7bfa461\" data-element_type=\"section\">\n\t\t\t\t\t\t<div class=\"elementor-container elementor-column-gap-default\">\n\t\t\t\t\t<div class=\"elementor-column elementor-col-100 elementor-top-column elementor-element elementor-element-a5fe8f6\" data-id=\"a5fe8f6\" data-element_type=\"column\">\n\t\t\t<div class=\"elementor-widget-wrap elementor-element-populated\">\n\t\t\t\t\t\t\t\t<div class=\"elementor-element elementor-element-1050d3b e-grid-align-tablet-center e-grid-align-mobile-center elementor-shape-rounded elementor-grid-0 e-grid-align-center elementor-widget elementor-widget-social-icons\" data-id=\"1050d3b\" data-element_type=\"widget\" data-widget_type=\"social-icons.default\">\n\t\t\t\t<div class=\"elementor-widget-container\">\n\t\t\t\t\t<div class=\"elementor-social-icons-wrapper elementor-grid\">\n\t\t\t\t\t\t\t<span class=\"elementor-grid-item\">\n\t\t\t\t\t<a class=\"elementor-icon elementor-social-icon elementor-social-icon-facebook-f elementor-repeater-item-8c4d2e7\" href=\"https:\/\/www.facebook.com\/springfieldlc\" target=\"_blank\">\n\t\t\t\t\t\t<span class=\"elementor-screen-only\">Facebook-f<\/span>\n\t\t\t\t\t\t<i class=\"fab fa-facebook-f\"><\/i>\t\t\t\t\t<\/a>\n\t\t\t\t<\/span>\n\t\t\t\t\t\t\t<span class=\"elementor-grid-item\">\n\t\t\t\t\t<a class=\"elementor-icon elementor-social-icon elementor-social-icon-twitter elementor-repeater-item-4e3cbb7\" href=\"https:\/\/twitter.com\/Springfield_LC\" target=\"_blank\">\n\t\t\t\t\t\t<span class=\"elementor-screen-only\">Twitter<\/span>\n\t\t\t\t\t\t<i class=\"fab fa-twitter\"><\/i>\t\t\t\t\t<\/a>\n\t\t\t\t<\/span>\n\t\t\t\t\t\t\t<span class=\"elementor-grid-item\">\n\t\t\t\t\t<a class=\"elementor-icon elementor-social-icon elementor-social-icon-instagram elementor-repeater-item-004809d\" href=\"https:\/\/www.instagram.com\/springfieldlc\/\" target=\"_blank\">\n\t\t\t\t\t\t<span class=\"elementor-screen-only\">Instagram<\/span>\n\t\t\t\t\t\t<i class=\"fab fa-instagram\"><\/i>\t\t\t\t\t<\/a>\n\t\t\t\t<\/span>\n\t\t\t\t\t<\/div>\n\t\t\t\t<\/div>\n\t\t\t\t<\/div>\n\t\t\t\t<div class=\"elementor-element elementor-element-7825988 elementor-widget elementor-widget-spacer\" data-id=\"7825988\" data-element_type=\"widget\" data-widget_type=\"spacer.default\">\n\t\t\t\t<div class=\"elementor-widget-container\">\n\t\t\t\t\t<div class=\"elementor-spacer\">\n\t\t\t<div class=\"elementor-spacer-inner\"><\/div>\n\t\t<\/div>\n\t\t\t\t<\/div>\n\t\t\t\t<\/div>\n\t\t\t\t\t<\/div>\n\t\t<\/div>\n\t\t\t\t\t\t\t<\/div>\n\t\t<\/section>\n\t\t\t\t\t\t\t<\/div>\n\t\t","protected":false},"excerpt":{"rendered":"<p>1111111111 PAGA TU PROGRAMA EN L\u00cdNEA \u00a1AQU\u00cd PODRAS DESDE TU COMPU. O TU CEL. PAGAR TU PROGRAMA SIN SALIR DE CASA! ESCRIBENOS AQU\u00cd NUESTROS PROGRAMAS \u00bfTienes preguntas? Cont\u00e1ctanos PAGO EN L\u00cdNEA INGL\u00c9S Metodolog\u00eda Natural learning approach Profesores con perfil profesional dedicados a la ense\u00f1anza Cada nivel cursado y aprobado ser\u00e1 certificado Vivencial, interactivo y pr\u00e1ctico [&hellip;]<\/p>\n","protected":false},"author":3,"featured_media":0,"parent":0,"menu_order":0,"comment_status":"closed","ping_status":"closed","template":"page-templates\/home2.php","meta":{"footnotes":""},"aioseo_notices":[],"jetpack_sharing_enabled":true,"amp_enabled":false,"_links":{"self":[{"href":"https:\/\/springfield.edu.co\/site\/wp-json\/wp\/v2\/pages\/255"}],"collection":[{"href":"https:\/\/springfield.edu.co\/site\/wp-json\/wp\/v2\/pages"}],"about":[{"href":"https:\/\/springfield.edu.co\/site\/wp-json\/wp\/v2\/types\/page"}],"author":[{"embeddable":true,"href":"https:\/\/springfield.edu.co\/site\/wp-json\/wp\/v2\/users\/3"}],"replies":[{"embeddable":true,"href":"https:\/\/springfield.edu.co\/site\/wp-json\/wp\/v2\/comments?post=255"}],"version-history":[{"count":102,"href":"https:\/\/springfield.edu.co\/site\/wp-json\/wp\/v2\/pages\/255\/revisions"}],"predecessor-version":[{"id":1445,"href":"https:\/\/springfield.edu.co\/site\/wp-json\/wp\/v2\/pages\/255\/revisions\/1445"}],"wp:attachment":[{"href":"https:\/\/springfield.edu.co\/site\/wp-json\/wp\/v2\/media?parent=255"}],"curies":[{"name":"wp","href":"https:\/\/api.w.org\/{rel}","templated":true}]}}